{"id":16290,"date":"2023-04-03T14:20:13","date_gmt":"2023-04-03T12:20:13","guid":{"rendered":"https:\/\/www.protechsecurite.fr\/?page_id=16290"},"modified":"2023-04-06T18:47:58","modified_gmt":"2023-04-06T16:47:58","slug":"plan-du-site","status":"publish","type":"page","link":"https:\/\/www.protechsecurite.fr\/pl\/plan-du-site","title":{"rendered":"Mapa strony internetowej"},"content":{"rendered":"\n<p class=\"has-text-align-center\"><a href=\"https:\/\/www.protechsecurite.fr\/\/\">Powitanie<\/a><\/p>\n\n\n\n<p class=\"has-text-align-center\"><a href=\"https:\/\/www.protechsecurite.fr\/a-propos\">O nas<\/a><\/p>\n\n\n\n<p class=\"has-text-align-center\"><a href=\"https:\/\/www.protechsecurite.fr\/bureau-etudes\">Studia<\/a><\/p>\n\n\n\n<p class=\"has-text-align-center\"><a href=\"https:\/\/www.protechsecurite.fr\/niveaux-de-performances\">Performances<\/a><\/p>\n\n\n\n<p class=\"has-text-align-center\"><a href=\"https:\/\/www.protechsecurite.fr\/secteurs-clients\">Wydajno\u015b\u0107\/ Dokonania\/Wykonania\/Standardy<\/a><\/p>\n\n\n\n<p class=\"has-text-align-center\"><a href=\"https:\/\/www.protechsecurite.fr\/nous-contacter\">Kontakt<\/a><\/p>\n\n\n\n<p class=\"has-text-align-center\"><a href=\"https:\/\/www.protechsecurite.fr\/mentions-legales\">Nota prawna<\/a><\/p>\n\n\n\n<p class=\"has-text-align-center\"><\/p>\n","protected":false},"excerpt":{"rendered":"<p>Powitanie O nas Studia Performances Wydajno\u015b\u0107\/ Dokonania\/Wykonania\/Standardy Kontakt Nota prawna<\/p>\n","protected":false},"author":1,"featured_media":0,"parent":0,"menu_order":0,"comment_status":"closed","ping_status":"closed","template":"","meta":{"_acf_changed":false,"_uag_custom_page_level_css":"","footnotes":""},"class_list":["post-16290","page","type-page","status-publish","hentry"],"acf":[],"yoast_head":"<!-- This site is optimized with the Yoast SEO Premium plugin v23.0 (Yoast SEO v26.9) - https:\/\/yoast.com\/product\/yoast-seo-premium-wordpress\/ -->\n<title>Mapa strony internetowej - ProTech Securit\u00e9<\/title>\n<meta name=\"robots\" content=\"index, follow, max-snippet:-1, max-image-preview:large, max-video-preview:-1\" \/>\n<link rel=\"canonical\" href=\"https:\/\/www.protechsecurite.fr\/pl\/plan-du-site\" \/>\n<meta property=\"og:locale\" content=\"pl_PL\" \/>\n<meta property=\"og:type\" content=\"article\" \/>\n<meta property=\"og:title\" content=\"Mapa strony internetowej\" \/>\n<meta property=\"og:description\" content=\"Powitanie O nas Studia Performances Wydajno\u015b\u0107\/ Dokonania\/Wykonania\/Standardy Kontakt Nota prawna\" \/>\n<meta property=\"og:url\" content=\"https:\/\/www.protechsecurite.fr\/pl\/plan-du-site\" \/>\n<meta property=\"og:site_name\" content=\"ProTech Securit\u00e9\" \/>\n<meta property=\"article:modified_time\" content=\"2023-04-06T16:47:58+00:00\" \/>\n<meta name=\"twitter:card\" content=\"summary_large_image\" \/>\n<meta name=\"twitter:label1\" content=\"Szacowany czas czytania\" \/>\n\t<meta name=\"twitter:data1\" content=\"1 minuta\" \/>\n<script type=\"application\/ld+json\" class=\"yoast-schema-graph\">{\"@context\":\"https:\/\/schema.org\",\"@graph\":[{\"@type\":\"WebPage\",\"@id\":\"https:\/\/www.protechsecurite.fr\/pl\/plan-du-site\",\"url\":\"https:\/\/www.protechsecurite.fr\/pl\/plan-du-site\",\"name\":\"Mapa strony internetowej - ProTech Securit\u00e9\",\"isPartOf\":{\"@id\":\"https:\/\/www.protechsecurite.fr\/pl#website\"},\"datePublished\":\"2023-04-03T12:20:13+00:00\",\"dateModified\":\"2023-04-06T16:47:58+00:00\",\"inLanguage\":\"pl-PL\",\"potentialAction\":[{\"@type\":\"ReadAction\",\"target\":[\"https:\/\/www.protechsecurite.fr\/pl\/plan-du-site\"]}]},{\"@type\":\"WebSite\",\"@id\":\"https:\/\/www.protechsecurite.fr\/pl#website\",\"url\":\"https:\/\/www.protechsecurite.fr\/pl\",\"name\":\"ProTech Securit\u00e9\",\"description\":\"Vous \u00eates en lieux s\u00fbrs\",\"potentialAction\":[{\"@type\":\"SearchAction\",\"target\":{\"@type\":\"EntryPoint\",\"urlTemplate\":\"https:\/\/www.protechsecurite.fr\/pl?s={search_term_string}\"},\"query-input\":{\"@type\":\"PropertyValueSpecification\",\"valueRequired\":true,\"valueName\":\"search_term_string\"}}],\"inLanguage\":\"pl-PL\"}]}<\/script>\n<!-- \/ Yoast SEO Premium plugin. -->","yoast_head_json":{"title":"Mapa strony internetowej - ProTech Securit\u00e9","robots":{"index":"index","follow":"follow","max-snippet":"max-snippet:-1","max-image-preview":"max-image-preview:large","max-video-preview":"max-video-preview:-1"},"canonical":"https:\/\/www.protechsecurite.fr\/pl\/plan-du-site","og_locale":"pl_PL","og_type":"article","og_title":"Mapa strony internetowej","og_description":"Powitanie O nas Studia Performances Wydajno\u015b\u0107\/ Dokonania\/Wykonania\/Standardy Kontakt Nota prawna","og_url":"https:\/\/www.protechsecurite.fr\/pl\/plan-du-site","og_site_name":"ProTech Securit\u00e9","article_modified_time":"2023-04-06T16:47:58+00:00","twitter_card":"summary_large_image","twitter_misc":{"Szacowany czas czytania":"1 minuta"},"schema":{"@context":"https:\/\/schema.org","@graph":[{"@type":"WebPage","@id":"https:\/\/www.protechsecurite.fr\/pl\/plan-du-site","url":"https:\/\/www.protechsecurite.fr\/pl\/plan-du-site","name":"Mapa strony internetowej - ProTech Securit\u00e9","isPartOf":{"@id":"https:\/\/www.protechsecurite.fr\/pl#website"},"datePublished":"2023-04-03T12:20:13+00:00","dateModified":"2023-04-06T16:47:58+00:00","inLanguage":"pl-PL","potentialAction":[{"@type":"ReadAction","target":["https:\/\/www.protechsecurite.fr\/pl\/plan-du-site"]}]},{"@type":"WebSite","@id":"https:\/\/www.protechsecurite.fr\/pl#website","url":"https:\/\/www.protechsecurite.fr\/pl","name":"ProTech Securit\u00e9","description":"Vous \u00eates en lieux s\u00fbrs","potentialAction":[{"@type":"SearchAction","target":{"@type":"EntryPoint","urlTemplate":"https:\/\/www.protechsecurite.fr\/pl?s={search_term_string}"},"query-input":{"@type":"PropertyValueSpecification","valueRequired":true,"valueName":"search_term_string"}}],"inLanguage":"pl-PL"}]}},"uagb_featured_image_src":{"full":false,"thumbnail":false,"medium":false,"medium_large":false,"large":false,"1536x1536":false,"2048x2048":false,"thumb-products-list":false,"thumb-product-fiche":false,"thumb-best-seller":false,"thumb-banner":false,"thumb-news":false,"thumb-news-list-wide":false,"thumb-news-list-small":false},"uagb_author_info":{"display_name":"protech","author_link":"https:\/\/www.protechsecurite.fr\/pl\/author\/protech"},"uagb_comment_info":0,"uagb_excerpt":"Powitanie O nas Studia Performances Wydajno\u015b\u0107\/ Dokonania\/Wykonania\/Standardy Kontakt Nota prawna","_links":{"self":[{"href":"https:\/\/www.protechsecurite.fr\/pl\/wp-json\/wp\/v2\/pages\/16290","targetHints":{"allow":["GET"]}}],"collection":[{"href":"https:\/\/www.protechsecurite.fr\/pl\/wp-json\/wp\/v2\/pages"}],"about":[{"href":"https:\/\/www.protechsecurite.fr\/pl\/wp-json\/wp\/v2\/types\/page"}],"author":[{"embeddable":true,"href":"https:\/\/www.protechsecurite.fr\/pl\/wp-json\/wp\/v2\/users\/1"}],"replies":[{"embeddable":true,"href":"https:\/\/www.protechsecurite.fr\/pl\/wp-json\/wp\/v2\/comments?post=16290"}],"version-history":[{"count":3,"href":"https:\/\/www.protechsecurite.fr\/pl\/wp-json\/wp\/v2\/pages\/16290\/revisions"}],"predecessor-version":[{"id":16784,"href":"https:\/\/www.protechsecurite.fr\/pl\/wp-json\/wp\/v2\/pages\/16290\/revisions\/16784"}],"wp:attachment":[{"href":"https:\/\/www.protechsecurite.fr\/pl\/wp-json\/wp\/v2\/media?parent=16290"}],"curies":[{"name":"wp","href":"https:\/\/api.w.org\/{rel}","templated":true}]}}