{"id":16286,"date":"2023-04-03T14:19:01","date_gmt":"2023-04-03T12:19:01","guid":{"rendered":"https:\/\/www.protechsecurite.fr\/?page_id=16286"},"modified":"2023-04-06T18:48:42","modified_gmt":"2023-04-06T16:48:42","slug":"mentions-legales","status":"publish","type":"page","link":"https:\/\/www.protechsecurite.fr\/pl\/mentions-legales","title":{"rendered":"NOTA PRAWNA"},"content":{"rendered":"\n<h1 class=\"wp-block-heading\" id=\"h-redaktor-strony\">REDAKTOR STRONY<\/h1>\n\n\n\n<p>Nazwa firmy: Protech S\u00e9curit\u00e9<br>Siedziba firmy : ***<br>Telefon : ***<br>Dyrektor publikacji : ***<\/p>\n\n\n\n<h3 class=\"wp-block-heading\" id=\"h-projektowanie-strony-i-hosting\">PROJEKTOWANIE STRONY I HOSTING<\/h3>\n\n\n\n<p>Wsp\u00f3\u0142pracownicy Pixa<br>16 Avenue Fragonard \u2013 06100 Nicea<br>Tel: +33 (0)4 93 87 03 19<\/p>\n\n\n\n<h3 class=\"wp-block-heading\" id=\"h-informacje-prawne\">INFORMACJE PRAWNE<\/h3>\n\n\n\n<p>Odwiedzasz witryn\u0119 firmy Protech S\u00e9curit\u00e9. Poni\u017csze uwagi prawne dotycz\u0105 wszystkich u\u017cytkownik\u00f3w Internetu odwiedzaj\u0105cych t\u0119 witryn\u0119. Prosimy o uwa\u017cne zapoznanie si\u0119 z tymi uwagami przed uzyskaniem dost\u0119pu do kolejnych stron witryny. Informacje zebrane na tej stronie s\u0142u\u017c\u0105 wy\u0142\u0105cznie do prezentacji dzia\u0142alno\u015bci Protech S\u00e9curit\u00e9.<\/p>\n\n\n\n<p>Protech S\u00e9curit\u00e9 zastrzega sobie prawo do modyfikowania tre\u015bci, przerywania lub zawieszania ca\u0142o\u015bci lub cz\u0119\u015bci funkcjonalno\u015bci serwisu w dowolnym momencie i bez uprzedzenia. Protech S\u00e9curit\u00e9 nie ponosi odpowiedzialno\u015bci za skutki takich modyfikacji. Dost\u0119p do tej witryny i korzystanie z niej podlega nast\u0119puj\u0105cym warunkom oraz obowi\u0105zuj\u0105cym przepisom prawnym. Uzyskuj\u0105c dost\u0119p do witryny, akceptujesz, bez ogranicze\u0144 i zastrze\u017ce\u0144, te warunki.<\/p>\n\n\n\n<h3 class=\"wp-block-heading\" id=\"h-dane-osobowe-rozpowszechniane-w-witrynie\">DANE OSOBOWE ROZPOWSZECHNIANE W WITRYNIE<\/h3>\n\n\n\n<p>Zainteresowane osoby zosta\u0142y poinformowane o przys\u0142uguj\u0105cym im prawie. Prawo dost\u0119pu jest natychmiastowe na stronie. Prawo do sprostowania jest realizowane za po\u015brednictwem poczty elektronicznej do wskazanych wcze\u015bniej os\u00f3b kontaktowych<\/p>\n\n\n\n<h3 class=\"wp-block-heading\" id=\"h-informacje-zawarte-w-serwisie\">INFORMACJE ZAWARTE W SERWISIE<\/h3>\n\n\n\n<p>Protech S\u00e9curit\u00e9 udost\u0119pnia te informacje wy\u0142\u0105cznie w celach informacyjnych. Protech S\u00e9curit\u00e9 stara si\u0119 sprawdza\u0107 prawdziwo\u015b\u0107 informacji i aktualizowa\u0107 witryn\u0119. Nie gwarantuje si\u0119 jednak dok\u0142adno\u015bci, precyzji, aktualno\u015bci ani kompletno\u015bci informacji udost\u0119pnionych na stronie.<\/p>\n\n\n\n<p>Bez uszczerbku dla postanowie\u0144 artyku\u0142u 15 ustawy o zaufaniu do gospodarki cyfrowej z dnia 22 czerwca 2004 r., Protech S\u00e9curit\u00e9 zrzeka si\u0119 wszelkiej odpowiedzialno\u015bci za jakiekolwiek szkody, bezpo\u015brednie lub po\u015brednie, jakiegokolwiek rodzaju, wyrz\u0105dzone systemowi komputerowemu, kt\u00f3re wynika\u0142yby z dost\u0119pu\/lub poruszania si\u0119 po stronie protechsecurite.com i\/lub kt\u00f3re wynika\u0142yby z oszuka\u0144czego wtargni\u0119cia strony trzeciej prowadz\u0105cego do modyfikacji informacji udost\u0119pnionych na tej stronie.<\/p>\n\n\n\n<p>W zwi\u0105zku z tym, z wyj\u0105tkiem ra\u017c\u0105cego lub umy\u015blnego zaniedbania, Protech S\u00e9curit\u00e9 zrzeka si\u0119 wszelkiej odpowiedzialno\u015bci za jakiekolwiek szkody wynikaj\u0105ce w szczeg\u00f3lno\u015bci z nieprecyzyjno\u015bci lub niedok\u0142adno\u015bci informacji dost\u0119pnych na naszej stronie lub za jakiekolwiek szkody wynikaj\u0105ce z oszuka\u0144czego wtargni\u0119cia os\u00f3b trzecich na nasz\u0105 stron\u0119 z zamiar naruszenia interes\u00f3w lub wizerunku Protech S\u00e9curit\u00e9, w szczeg\u00f3lno\u015bci poprzez zniekszta\u0142cenie informacji zamieszczonych na stronie. Protech S\u00e9curit\u00e9 nie ponosi odpowiedzialno\u015bci za jakiekolwiek szkody lub wirusy, kt\u00f3re mog\u0142yby uszkodzi\u0107 lub uniemo\u017cliwi\u0107 korzystanie ze sprz\u0119tu komputerowego po wizycie na naszej stronie.<\/p>\n\n\n\n<h3 class=\"wp-block-heading\" id=\"h-linki-i-witryny-wymienione-w-witrynie\">LINKI I WITRYNY WYMIENIONE W WITRYNIE<\/h3>\n\n\n\n<p>Projektant strony i jej gospodarz zrzekaj\u0105 si\u0119 wszelkiej odpowiedzialno\u015bci za zawarto\u015b\u0107 stron powi\u0105zanych z witryn\u0105 stowarzyszenia (kt\u00f3rych linki URL pojawiaj\u0105 si\u0119 na stronie stowarzyszenia lub linki, kt\u00f3re inne struktury utworzy\u0142y na stronie stowarzyszenia) i nie mog\u0105 by\u0107 poci\u0105gni\u0119ci do odpowiedzialno\u015bci za jakiekolwiek bezpo\u015brednie lub po\u015brednie szkody wynikaj\u0105ce z dost\u0119pu do tych stron lub korzystania z nich.<\/p>\n\n\n\n<p>Aby u\u0142atwi\u0107 dost\u0119p do innych stron, kt\u00f3re mog\u0105 zawiera\u0107 dodatkowe informacje, Protech S\u00e9curit\u00e9 umie\u015bci\u0142o na swojej stronie pewn\u0105 liczb\u0119 link\u00f3w. Niemniej jednak Protech S\u00e9curit\u00e9 nie ponosi odpowiedzialno\u015bci za strony os\u00f3b trzecich, do kt\u00f3rych u\u017cytkownik mo\u017ce mie\u0107 dost\u0119p za po\u015brednictwem naszej Witryny. Protech S\u00e9curit\u00e9 nie ma mo\u017cliwo\u015bci kontrolowania zawarto\u015bci tych stron os\u00f3b trzecich. W \u017cadnym przypadku Protech S\u00e9curit\u00e9 nie ponosi odpowiedzialno\u015bci za niedost\u0119pno\u015b\u0107 stron, ich tre\u015bci, reklam lub innych element\u00f3w dost\u0119pnych na stronach os\u00f3b trzecich. Witryny zewn\u0119trzne mog\u0105 zawiera\u0107 hiper\u0142\u0105cza odsy\u0142aj\u0105ce do naszej witryny. Takie \u0142\u0105cze nie mo\u017ce zosta\u0107 zainstalowane bez uprzedniej pisemnej zgody Protech S\u00e9curit\u00e9.<\/p>\n\n\n\n<h3 class=\"wp-block-heading\" id=\"h-przepisy-jurysdykcyjne\">PRZEPISY JURYSDYKCYJNE<\/h3>\n\n\n\n<p>Strona i jej zawarto\u015b\u0107 s\u0105 tworzone zgodnie z zasadami obowi\u0105zuj\u0105cymi we Francji. Nawet je\u015bli jest dost\u0119pna dla innych u\u017cytkownik\u00f3w, witryna i jej zawarto\u015b\u0107 s\u0105 przeznaczone dla mieszka\u0144c\u00f3w Francji.<\/p>\n\n\n\n<h3 class=\"wp-block-heading\" id=\"h-prawa-autorskie\">PRAWA AUTORSKIE<\/h3>\n\n\n\n<p>Wszystkie obrazy, szeroko rozumiane informacje, znaki towarowe, loga i nazwy domen pojawiaj\u0105ce si\u0119 na stronie s\u0105 w\u0142asno\u015bci\u0105 Protech S\u00e9curit\u00e9 lub podlegaj\u0105 autoryzacji do u\u017cytku.<br>Na ka\u017cdej kopii ca\u0142o\u015bci lub cz\u0119\u015bci zawarto\u015bci strony musi znajdowa\u0107 si\u0119 nast\u0119puj\u0105ca wzmianka: \u201ePrawa autorskie, Protech Security, Wszelkie prawa zastrze\u017cone\u201d.<br>Ka\u017cde przeniesienie lub udzielenie licencji na jeden z element\u00f3w sk\u0142adowych witryny wymaga uprzedniej pisemnej zgody Protech S\u00e9curit\u00e9, a ka\u017cdy sprawca nara\u017ca si\u0119 na post\u0119powanie s\u0105dowe.<\/p>\n","protected":false},"excerpt":{"rendered":"<p>REDAKTOR STRONY Nazwa firmy: Protech S\u00e9curit\u00e9Siedziba firmy : ***Telefon : ***Dyrektor publikacji : *** PROJEKTOWANIE STRONY I HOSTING Wsp\u00f3\u0142pracownicy Pixa16 Avenue Fragonard \u2013 06100 NiceaTel: +33 (0)4 93 87 03 19 INFORMACJE PRAWNE Odwiedzasz witryn\u0119 firmy Protech S\u00e9curit\u00e9. Poni\u017csze uwagi prawne dotycz\u0105 wszystkich u\u017cytkownik\u00f3w Internetu odwiedzaj\u0105cych t\u0119 witryn\u0119. Prosimy o uwa\u017cne zapoznanie si\u0119 z tymi [&hellip;]<\/p>\n","protected":false},"author":1,"featured_media":0,"parent":0,"menu_order":0,"comment_status":"closed","ping_status":"closed","template":"","meta":{"_acf_changed":false,"_uag_custom_page_level_css":"","footnotes":""},"class_list":["post-16286","page","type-page","status-publish","hentry"],"acf":[],"yoast_head":"<!-- This site is optimized with the Yoast SEO Premium plugin v23.0 (Yoast SEO v26.9) - https:\/\/yoast.com\/product\/yoast-seo-premium-wordpress\/ -->\n<title>NOTA PRAWNA - ProTech Securit\u00e9<\/title>\n<meta name=\"robots\" content=\"index, follow, max-snippet:-1, max-image-preview:large, max-video-preview:-1\" \/>\n<link rel=\"canonical\" href=\"https:\/\/www.protechsecurite.fr\/pl\/mentions-legales\" \/>\n<meta property=\"og:locale\" content=\"pl_PL\" \/>\n<meta property=\"og:type\" content=\"article\" \/>\n<meta property=\"og:title\" content=\"NOTA PRAWNA\" \/>\n<meta property=\"og:description\" content=\"REDAKTOR STRONY Nazwa firmy: Protech S\u00e9curit\u00e9Siedziba firmy : ***Telefon : ***Dyrektor publikacji : *** PROJEKTOWANIE STRONY I HOSTING Wsp\u00f3\u0142pracownicy Pixa16 Avenue Fragonard \u2013 06100 NiceaTel: +33 (0)4 93 87 03 19 INFORMACJE PRAWNE Odwiedzasz witryn\u0119 firmy Protech S\u00e9curit\u00e9. Poni\u017csze uwagi prawne dotycz\u0105 wszystkich u\u017cytkownik\u00f3w Internetu odwiedzaj\u0105cych t\u0119 witryn\u0119. Prosimy o uwa\u017cne zapoznanie si\u0119 z tymi [&hellip;]\" \/>\n<meta property=\"og:url\" content=\"https:\/\/www.protechsecurite.fr\/pl\/mentions-legales\" \/>\n<meta property=\"og:site_name\" content=\"ProTech Securit\u00e9\" \/>\n<meta property=\"article:modified_time\" content=\"2023-04-06T16:48:42+00:00\" \/>\n<meta name=\"twitter:card\" content=\"summary_large_image\" \/>\n<script type=\"application\/ld+json\" class=\"yoast-schema-graph\">{\"@context\":\"https:\/\/schema.org\",\"@graph\":[{\"@type\":\"WebPage\",\"@id\":\"https:\/\/www.protechsecurite.fr\/pl\/mentions-legales\",\"url\":\"https:\/\/www.protechsecurite.fr\/pl\/mentions-legales\",\"name\":\"NOTA PRAWNA - ProTech Securit\u00e9\",\"isPartOf\":{\"@id\":\"https:\/\/www.protechsecurite.fr\/pl#website\"},\"datePublished\":\"2023-04-03T12:19:01+00:00\",\"dateModified\":\"2023-04-06T16:48:42+00:00\",\"inLanguage\":\"pl-PL\",\"potentialAction\":[{\"@type\":\"ReadAction\",\"target\":[\"https:\/\/www.protechsecurite.fr\/pl\/mentions-legales\"]}]},{\"@type\":\"WebSite\",\"@id\":\"https:\/\/www.protechsecurite.fr\/pl#website\",\"url\":\"https:\/\/www.protechsecurite.fr\/pl\",\"name\":\"ProTech Securit\u00e9\",\"description\":\"Vous \u00eates en lieux s\u00fbrs\",\"potentialAction\":[{\"@type\":\"SearchAction\",\"target\":{\"@type\":\"EntryPoint\",\"urlTemplate\":\"https:\/\/www.protechsecurite.fr\/pl?s={search_term_string}\"},\"query-input\":{\"@type\":\"PropertyValueSpecification\",\"valueRequired\":true,\"valueName\":\"search_term_string\"}}],\"inLanguage\":\"pl-PL\"}]}<\/script>\n<!-- \/ Yoast SEO Premium plugin. -->","yoast_head_json":{"title":"NOTA PRAWNA - ProTech Securit\u00e9","robots":{"index":"index","follow":"follow","max-snippet":"max-snippet:-1","max-image-preview":"max-image-preview:large","max-video-preview":"max-video-preview:-1"},"canonical":"https:\/\/www.protechsecurite.fr\/pl\/mentions-legales","og_locale":"pl_PL","og_type":"article","og_title":"NOTA PRAWNA","og_description":"REDAKTOR STRONY Nazwa firmy: Protech S\u00e9curit\u00e9Siedziba firmy : ***Telefon : ***Dyrektor publikacji : *** PROJEKTOWANIE STRONY I HOSTING Wsp\u00f3\u0142pracownicy Pixa16 Avenue Fragonard \u2013 06100 NiceaTel: +33 (0)4 93 87 03 19 INFORMACJE PRAWNE Odwiedzasz witryn\u0119 firmy Protech S\u00e9curit\u00e9. Poni\u017csze uwagi prawne dotycz\u0105 wszystkich u\u017cytkownik\u00f3w Internetu odwiedzaj\u0105cych t\u0119 witryn\u0119. Prosimy o uwa\u017cne zapoznanie si\u0119 z tymi [&hellip;]","og_url":"https:\/\/www.protechsecurite.fr\/pl\/mentions-legales","og_site_name":"ProTech Securit\u00e9","article_modified_time":"2023-04-06T16:48:42+00:00","twitter_card":"summary_large_image","schema":{"@context":"https:\/\/schema.org","@graph":[{"@type":"WebPage","@id":"https:\/\/www.protechsecurite.fr\/pl\/mentions-legales","url":"https:\/\/www.protechsecurite.fr\/pl\/mentions-legales","name":"NOTA PRAWNA - ProTech Securit\u00e9","isPartOf":{"@id":"https:\/\/www.protechsecurite.fr\/pl#website"},"datePublished":"2023-04-03T12:19:01+00:00","dateModified":"2023-04-06T16:48:42+00:00","inLanguage":"pl-PL","potentialAction":[{"@type":"ReadAction","target":["https:\/\/www.protechsecurite.fr\/pl\/mentions-legales"]}]},{"@type":"WebSite","@id":"https:\/\/www.protechsecurite.fr\/pl#website","url":"https:\/\/www.protechsecurite.fr\/pl","name":"ProTech Securit\u00e9","description":"Vous \u00eates en lieux s\u00fbrs","potentialAction":[{"@type":"SearchAction","target":{"@type":"EntryPoint","urlTemplate":"https:\/\/www.protechsecurite.fr\/pl?s={search_term_string}"},"query-input":{"@type":"PropertyValueSpecification","valueRequired":true,"valueName":"search_term_string"}}],"inLanguage":"pl-PL"}]}},"uagb_featured_image_src":{"full":false,"thumbnail":false,"medium":false,"medium_large":false,"large":false,"1536x1536":false,"2048x2048":false,"thumb-products-list":false,"thumb-product-fiche":false,"thumb-best-seller":false,"thumb-banner":false,"thumb-news":false,"thumb-news-list-wide":false,"thumb-news-list-small":false},"uagb_author_info":{"display_name":"protech","author_link":"https:\/\/www.protechsecurite.fr\/pl\/author\/protech"},"uagb_comment_info":0,"uagb_excerpt":"REDAKTOR STRONY Nazwa firmy: Protech S\u00e9curit\u00e9Siedziba firmy : ***Telefon : ***Dyrektor publikacji : *** PROJEKTOWANIE STRONY I HOSTING Wsp\u00f3\u0142pracownicy Pixa16 Avenue Fragonard \u2013 06100 NiceaTel: +33 (0)4 93 87 03 19 INFORMACJE PRAWNE Odwiedzasz witryn\u0119 firmy Protech S\u00e9curit\u00e9. Poni\u017csze uwagi prawne dotycz\u0105 wszystkich u\u017cytkownik\u00f3w Internetu odwiedzaj\u0105cych t\u0119 witryn\u0119. Prosimy o uwa\u017cne zapoznanie si\u0119 z tymi&hellip;","_links":{"self":[{"href":"https:\/\/www.protechsecurite.fr\/pl\/wp-json\/wp\/v2\/pages\/16286","targetHints":{"allow":["GET"]}}],"collection":[{"href":"https:\/\/www.protechsecurite.fr\/pl\/wp-json\/wp\/v2\/pages"}],"about":[{"href":"https:\/\/www.protechsecurite.fr\/pl\/wp-json\/wp\/v2\/types\/page"}],"author":[{"embeddable":true,"href":"https:\/\/www.protechsecurite.fr\/pl\/wp-json\/wp\/v2\/users\/1"}],"replies":[{"embeddable":true,"href":"https:\/\/www.protechsecurite.fr\/pl\/wp-json\/wp\/v2\/comments?post=16286"}],"version-history":[{"count":4,"href":"https:\/\/www.protechsecurite.fr\/pl\/wp-json\/wp\/v2\/pages\/16286\/revisions"}],"predecessor-version":[{"id":16785,"href":"https:\/\/www.protechsecurite.fr\/pl\/wp-json\/wp\/v2\/pages\/16286\/revisions\/16785"}],"wp:attachment":[{"href":"https:\/\/www.protechsecurite.fr\/pl\/wp-json\/wp\/v2\/media?parent=16286"}],"curies":[{"name":"wp","href":"https:\/\/api.w.org\/{rel}","templated":true}]}}