{"id":3524,"date":"2021-04-26T13:01:45","date_gmt":"2021-04-26T11:01:45","guid":{"rendered":"https:\/\/www.protechsecurite.fr\/\/?page_id=3524"},"modified":"2021-12-20T08:06:19","modified_gmt":"2021-12-20T07:06:19","slug":"about-us","status":"publish","type":"page","link":"https:\/\/www.protechsecurite.fr\/en\/about-us","title":{"rendered":"About Us"},"content":{"rendered":"\n<div style=\"height:80px\" aria-hidden=\"true\" class=\"wp-block-spacer\"><\/div>\n\n\n\n<section class=\"wp-block-uagb-columns uagb-columns__wrap uagb-columns__background-undefined uagb-columns__stack-mobile uagb-columns__valign-undefined uagb-columns__gap-20 alignundefined uagb-block-805c6b89\"><div class=\"uagb-columns__overlay\"><\/div><div class=\"uagb-columns__inner-wrap uagb-columns__columns-2\">\n<div class=\"wp-block-uagb-column uagb-column__wrap uagb-column__background-undefined uagb-block-d74be64c\"><div class=\"uagb-column__overlay\"><\/div><div class=\"uagb-column__inner-wrap\">\n<h2 class=\"wp-block-heading\" id=\"h-a-european-market-leader-for-bulletproofing\">A EUROPEAN MARKET LEADER FOR BULLETPROOFING<\/h2>\n\n\n\n<p>Our ability to combine unique needs with the protection to the highest standards has taken our work all over the world. Founded back in 1993, ProTech S\u00e9curit\u00e9 has a long-established a reputation for quality and innovation.<\/p>\n\n\n\n<p>Our in-house design, engineering, and manufacturing teams, have the experience required to provide protection solutions for everything from people-friendly tourism locations to maximum security aerospace and military sites.<\/p>\n\n\n\n<p>In recent years we have protected the forecourt of the Eiffel Tower with our bulletproof glass wall, produced a golden pass-through drawer for Louis Vuitton, and are currently rolling out the protection infrastructure for the European Court of Justice in Brussels.<\/p>\n\n\n\n<p>Our bulletproof solutions are independently certified to the highest EU standards, within the proof testing facilities at the <a href=\"http:\/\/www.banc-epreuve.fr\/en\/homepage\/\" target=\"_blank\" rel=\"noreferrer noopener\">Banc National d\u2019\u00c9preuve de Saint-\u00c9tienne<\/a> (France). We also test all of our products to the highest US standards, and are in the process of earning US certification.<\/p>\n<\/div><\/div>\n\n\n\n<div class=\"wp-block-uagb-column uagb-column__wrap uagb-column__background-undefined uagb-block-e818f2d2\"><div class=\"uagb-column__overlay\"><\/div><div class=\"uagb-column__inner-wrap\">\n<div style=\"height:105px\" aria-hidden=\"true\" class=\"wp-block-spacer\"><\/div>\n\n\n\n<figure class=\"wp-block-image size-large\"><img fetchpriority=\"high\" decoding=\"async\" width=\"1024\" height=\"678\" src=\"https:\/\/www.protechsecurite.fr\/\/wp-content\/uploads\/2017\/06\/GWR-7-1024x678.jpg\" alt=\"Protech Securit - Bulletproof Glass Wall with recessed plinths @ Eiffel Tower\" class=\"wp-image-725\"\/><figcaption>Bulletproof Glass Wall with recessed plinths &#8211; Eiffel Tower<\/figcaption><\/figure>\n<\/div><\/div>\n<\/div><\/section>\n\n\n\n<section class=\"wp-block-uagb-columns uagb-columns__wrap uagb-columns__background-undefined uagb-columns__stack-mobile uagb-columns__valign-undefined uagb-columns__gap-10 alignundefined uagb-block-2fb70ac9\"><div class=\"uagb-columns__overlay\"><\/div><div class=\"uagb-columns__inner-wrap uagb-columns__columns-1\">\n<div class=\"wp-block-uagb-column uagb-column__wrap uagb-column__background-undefined uagb-block-256bf09c\"><div class=\"uagb-column__overlay\"><\/div><div class=\"uagb-column__inner-wrap\">\n<div style=\"height:60px\" aria-hidden=\"true\" class=\"wp-block-spacer\"><\/div>\n\n\n\n<h2 class=\"wp-block-heading\" id=\"h-quality-and-security-since-1993\">Quality and security since 1993<\/h2>\n\n\n\n<div style=\"height:30px\" aria-hidden=\"true\" class=\"wp-block-spacer\"><\/div>\n\n\n\n\n        <div class=\"wp-block-protech-key-numbers-animated\">\n        <div class=\"padleft padright\">\n            <div \n                class=\"list list-cards-four\"\n                            >\n                \n            \n            <div class=\"card key-number pam\">\n                <div class=\"chiffre chiffre1\">\n                <span style=\"display: none;\">28<\/span>\n                <span class=\"value\"><\/span>\n                <\/div>\n                <div class=\"text\">\n                    years of safety experience                                    \n                <\/div>\n            <\/div>\n\n            \n            <div class=\"card key-number pam\">\n                <div class=\"chiffre chiffre2\">\n                <span style=\"display: none;\">860<\/span>\n                <span class=\"value\"><\/span>\n                <\/div>\n                <div class=\"text\">\n                    secure customers                                    \n                <\/div>\n            <\/div>\n\n            \n            <div class=\"card key-number pam\">\n                <div class=\"chiffre chiffre3\">\n                <span style=\"display: none;\">12<\/span>\n                <span class=\"value\"><\/span>\n                <\/div>\n                <div class=\"text\">\n                    regional installations                                    \n                <\/div>\n            <\/div>\n\n            \n            <\/div>\n        <\/div>\n    <\/div>\n\n    \n    \n\n\n\n        <div class=\"wp-block-protech-key-numbers-animated\">\n        <div class=\"padleft padright\">\n            <div \n                class=\"list list-cards-four\"\n                            >\n                \n            \n            <div class=\"card key-number pam\">\n                <div class=\"chiffre chiffre1\">\n                <span style=\"display: none;\">97.6%<\/span>\n                <span class=\"value\"><\/span>\n                <\/div>\n                <div class=\"text\">\n                    customer satisfaction rating                                    \n                <\/div>\n            <\/div>\n\n            \n            <div class=\"card key-number pam\">\n                <div class=\"chiffre chiffre2\">\n                <span style=\"display: none;\">3<\/span>\n                <span class=\"value\"><\/span>\n                <\/div>\n                <div class=\"text\">\n                    international offices                                    \n                <\/div>\n            <\/div>\n\n            \n            <div class=\"card key-number pam\">\n                <div class=\"chiffre chiffre3\">\n                <span style=\"display: none;\">42<\/span>\n                <span class=\"value\"><\/span>\n                <\/div>\n                <div class=\"text\">\n                    products certified as bulletproof                                    \n                <\/div>\n            <\/div>\n\n            \n            <\/div>\n        <\/div>\n    <\/div>\n\n    \n    \n\n\n<div style=\"height:60px\" aria-hidden=\"true\" class=\"wp-block-spacer\"><\/div>\n\n\n\n<h2 class=\"wp-block-heading\" id=\"h-a-company-with-a-real-international-presence\">A company with a real international presence<\/h2>\n\n\n\n<div style=\"height:30px\" aria-hidden=\"true\" class=\"wp-block-spacer\"><\/div>\n\n\n\n<div class=\"wp-block-image\"><figure class=\"aligncenter size-large\"><img decoding=\"async\" width=\"1024\" height=\"576\" src=\"https:\/\/www.protechsecurite.fr\/\/wp-content\/uploads\/2021\/06\/Protech-Map-1024x576.png\" alt=\"\" class=\"wp-image-3931\" srcset=\"https:\/\/www.protechsecurite.fr\/wp-content\/uploads\/2021\/06\/Protech-Map-1024x576.png 1024w, https:\/\/www.protechsecurite.fr\/wp-content\/uploads\/2021\/06\/Protech-Map-300x169.png 300w, https:\/\/www.protechsecurite.fr\/wp-content\/uploads\/2021\/06\/Protech-Map-768x432.png 768w, https:\/\/www.protechsecurite.fr\/wp-content\/uploads\/2021\/06\/Protech-Map.png 1280w\" sizes=\"(max-width: 1024px) 100vw, 1024px\" \/><\/figure><\/div>\n\n\n\n<div style=\"height:60px\" aria-hidden=\"true\" class=\"wp-block-spacer\"><\/div>\n\n\n\n    <div class=\"wp-block-protech-slider-logo slider-logo-protech\">\n        <h2>Some examples of our clients<\/h2>        <div class=\"grid\">\n            <div class=\"five-sixths center slider slider-logo grid\">\n                \n\n        <div class=\"one-third\">\n        <a href=\"\" target=\"_blank\">\n            <img decoding=\"async\" src=\"https:\/\/www.protechsecurite.fr\/\/wp-content\/uploads\/2021\/06\/bouygues_gris.png\">\n        <\/a>\n    <\/div>\n    \n    \n\n\n        <div class=\"one-third\">\n        <a href=\"\" target=\"_blank\">\n            <img decoding=\"async\" src=\"https:\/\/www.protechsecurite.fr\/\/wp-content\/uploads\/2021\/06\/Fayat_gris.jpg\">\n        <\/a>\n    <\/div>\n    \n    \n\n\n        <div class=\"one-third\">\n        <a href=\"\" target=\"_blank\">\n            <img decoding=\"async\" src=\"https:\/\/www.protechsecurite.fr\/\/wp-content\/uploads\/2021\/06\/MJ_gris.png\">\n        <\/a>\n    <\/div>\n    \n    \n\n\n        <div class=\"one-third\">\n        <a href=\"\" target=\"_blank\">\n            <img decoding=\"async\" src=\"https:\/\/www.protechsecurite.fr\/\/wp-content\/uploads\/2017\/06\/police-monaco-1.png\" alt=\"logo police monaco\">\n        <\/a>\n    <\/div>\n    \n    \n\n\n        <div class=\"one-third\">\n        <a href=\"\" target=\"_blank\">\n            <img decoding=\"async\" src=\"https:\/\/www.protechsecurite.fr\/\/wp-content\/uploads\/2021\/06\/MI_gris.png\">\n        <\/a>\n    <\/div>\n    \n    \n\n\n        <div class=\"one-third\">\n        <a href=\"\" target=\"_blank\">\n            <img decoding=\"async\" src=\"https:\/\/www.protechsecurite.fr\/\/wp-content\/uploads\/2017\/06\/tour-eiffel-1.png\" alt=\"logo tour eiffel\">\n        <\/a>\n    <\/div>\n    \n    \n\n\n        <div class=\"one-third\">\n        <a href=\"\" target=\"_blank\">\n            <img decoding=\"async\" src=\"https:\/\/www.protechsecurite.fr\/\/wp-content\/uploads\/2021\/06\/MA_gris.jpg\">\n        <\/a>\n    <\/div>\n    \n    \n\n\n        <div class=\"one-third\">\n        <a href=\"\" target=\"_blank\">\n            <img decoding=\"async\" src=\"https:\/\/www.protechsecurite.fr\/\/wp-content\/uploads\/2021\/06\/Lux_gris.png\">\n        <\/a>\n    <\/div>\n    \n    \n\n\n        <div class=\"one-third\">\n        <a href=\"\" target=\"_blank\">\n            <img decoding=\"async\" src=\"https:\/\/www.protechsecurite.fr\/\/wp-content\/uploads\/2021\/06\/LG_gris.png\">\n        <\/a>\n    <\/div>\n    \n    \n            <\/div>\n        <\/div>\n    <\/div>\n\n    \n\n\n<div style=\"height:60px\" aria-hidden=\"true\" class=\"wp-block-spacer\"><\/div>\n\n\n\n        <div class=\"wp-block-protech-bounce-block-icons\" >\n    \n                    <div class=\"container-video\">\n                <video src=\"https:\/\/www.protechsecurite.fr\/wp-content\/themes\/protech\/videos\/video-bg-anime.mp4\" autoplay muted loop>\n                    Votre navigateur ne permet pas de lire les vid\u00e9os.\n                <\/video>\n            <\/div>\n                <div class=\"mw1140p center grid-3\">\n            \n                    <div class=\"one-third mtm mbm\">\n                        <a href=\"\/wp-content\/uploads\/2019\/09\/PROTECH-Fiches-produits-Digital.pdf\" class=\"link-arrow animation-element fade d2\"\n                         target=\"_blank\"                        >\n                            <img decoding=\"async\" class=\"mbs\" src=\"https:\/\/www.protechsecurite.fr\/\/wp-content\/uploads\/2021\/03\/open-book.png\">\n                            Download our brochure                            <div class=\"tracefleche\">\n                            <span class=\"fleche_milieu\" >\n                                <svg version=\"1.1\" id=\"Calque_1\" xmlns=\"http:\/\/www.w3.org\/2000\/svg\" xmlns:xlink=\"http:\/\/www.w3.org\/1999\/xlink\" x=\"0px\" y=\"0px\" viewBox=\"0 0 78 25.9\" style=\"enable-background:new 0 0 78 25.9;\" xml:space=\"preserve\">\n                                    <path class=\"path\" d=\"M-0.2,12.8c1.5,0,28.1,0,75.9,0.1\"\/>\n                                <\/svg>\n                            <\/span>\n                            <span class=\"fleche_haut\">\n                                <svg version=\"1.1\" id=\"Calque_1\" xmlns=\"http:\/\/www.w3.org\/2000\/svg\" xmlns:xlink=\"http:\/\/www.w3.org\/1999\/xlink\" x=\"0px\" y=\"0px\" viewBox=\"0 0 78 25.9\" style=\"enable-background:new 0 0 78 25.9;\" xml:space=\"preserve\">\n                                    <path class=\"cote_haut\" d=\"M76.4,14.1c-1.9-1.9-4.3-4.3-6.5-6.5c-1-0.9-1.7-1.7-2.8-2.7c-0.5-0.5-1.5-1.6-3.6-3.6\"\/>\n                                <\/svg>\n                            <\/span>\n                            <span class=\"fleche_bas\">\n                                <svg version=\"1.1\" id=\"Calque_1\" xmlns=\"http:\/\/www.w3.org\/2000\/svg\" xmlns:xlink=\"http:\/\/www.w3.org\/1999\/xlink\" x=\"0px\" y=\"0px\" viewBox=\"0 0 78 25.9\" style=\"enable-background:new 0 0 78 25.9;\" xml:space=\"preserve\">\n                                    <path class=\"cote_bas\" d=\"M76.3,11.4c-2,2-4.3,4.3-6.6,6.6c-1,1-1.8,1.8-2.8,2.8c-0.5,0.5-1.5,1.5-3.6,3.6\"\/>\n                                <\/svg>\n                            <\/span>\n                            <\/div>\n                        <\/a>\n                    <\/div>\n\n                \n                    <div class=\"one-third mtm mbm\">\n                        <a href=\"\/en\/products\" class=\"link-arrow animation-element fade d2\"\n                         target=\"_blank\"                        >\n                            <img decoding=\"async\" class=\"mbs\" src=\"https:\/\/www.protechsecurite.fr\/\/wp-content\/uploads\/2021\/03\/search-black.png\">\n                            Find your products                            <div class=\"tracefleche\">\n                            <span class=\"fleche_milieu\" >\n                                <svg version=\"1.1\" id=\"Calque_1\" xmlns=\"http:\/\/www.w3.org\/2000\/svg\" xmlns:xlink=\"http:\/\/www.w3.org\/1999\/xlink\" x=\"0px\" y=\"0px\" viewBox=\"0 0 78 25.9\" style=\"enable-background:new 0 0 78 25.9;\" xml:space=\"preserve\">\n                                    <path class=\"path\" d=\"M-0.2,12.8c1.5,0,28.1,0,75.9,0.1\"\/>\n                                <\/svg>\n                            <\/span>\n                            <span class=\"fleche_haut\">\n                                <svg version=\"1.1\" id=\"Calque_1\" xmlns=\"http:\/\/www.w3.org\/2000\/svg\" xmlns:xlink=\"http:\/\/www.w3.org\/1999\/xlink\" x=\"0px\" y=\"0px\" viewBox=\"0 0 78 25.9\" style=\"enable-background:new 0 0 78 25.9;\" xml:space=\"preserve\">\n                                    <path class=\"cote_haut\" d=\"M76.4,14.1c-1.9-1.9-4.3-4.3-6.5-6.5c-1-0.9-1.7-1.7-2.8-2.7c-0.5-0.5-1.5-1.6-3.6-3.6\"\/>\n                                <\/svg>\n                            <\/span>\n                            <span class=\"fleche_bas\">\n                                <svg version=\"1.1\" id=\"Calque_1\" xmlns=\"http:\/\/www.w3.org\/2000\/svg\" xmlns:xlink=\"http:\/\/www.w3.org\/1999\/xlink\" x=\"0px\" y=\"0px\" viewBox=\"0 0 78 25.9\" style=\"enable-background:new 0 0 78 25.9;\" xml:space=\"preserve\">\n                                    <path class=\"cote_bas\" d=\"M76.3,11.4c-2,2-4.3,4.3-6.6,6.6c-1,1-1.8,1.8-2.8,2.8c-0.5,0.5-1.5,1.5-3.6,3.6\"\/>\n                                <\/svg>\n                            <\/span>\n                            <\/div>\n                        <\/a>\n                    <\/div>\n\n                \n                    <div class=\"one-third mtm mbm\">\n                        <a href=\"\/en\/contact-us\" class=\"link-arrow animation-element fade d2\"\n                         target=\"_blank\"                        >\n                            <img decoding=\"async\" class=\"mbs\" src=\"https:\/\/www.protechsecurite.fr\/\/wp-content\/uploads\/2021\/03\/open-book.png\">\n                            Contact Us                            <div class=\"tracefleche\">\n                            <span class=\"fleche_milieu\" >\n                                <svg version=\"1.1\" id=\"Calque_1\" xmlns=\"http:\/\/www.w3.org\/2000\/svg\" xmlns:xlink=\"http:\/\/www.w3.org\/1999\/xlink\" x=\"0px\" y=\"0px\" viewBox=\"0 0 78 25.9\" style=\"enable-background:new 0 0 78 25.9;\" xml:space=\"preserve\">\n                                    <path class=\"path\" d=\"M-0.2,12.8c1.5,0,28.1,0,75.9,0.1\"\/>\n                                <\/svg>\n                            <\/span>\n                            <span class=\"fleche_haut\">\n                                <svg version=\"1.1\" id=\"Calque_1\" xmlns=\"http:\/\/www.w3.org\/2000\/svg\" xmlns:xlink=\"http:\/\/www.w3.org\/1999\/xlink\" x=\"0px\" y=\"0px\" viewBox=\"0 0 78 25.9\" style=\"enable-background:new 0 0 78 25.9;\" xml:space=\"preserve\">\n                                    <path class=\"cote_haut\" d=\"M76.4,14.1c-1.9-1.9-4.3-4.3-6.5-6.5c-1-0.9-1.7-1.7-2.8-2.7c-0.5-0.5-1.5-1.6-3.6-3.6\"\/>\n                                <\/svg>\n                            <\/span>\n                            <span class=\"fleche_bas\">\n                                <svg version=\"1.1\" id=\"Calque_1\" xmlns=\"http:\/\/www.w3.org\/2000\/svg\" xmlns:xlink=\"http:\/\/www.w3.org\/1999\/xlink\" x=\"0px\" y=\"0px\" viewBox=\"0 0 78 25.9\" style=\"enable-background:new 0 0 78 25.9;\" xml:space=\"preserve\">\n                                    <path class=\"cote_bas\" d=\"M76.3,11.4c-2,2-4.3,4.3-6.6,6.6c-1,1-1.8,1.8-2.8,2.8c-0.5,0.5-1.5,1.5-3.6,3.6\"\/>\n                                <\/svg>\n                            <\/span>\n                            <\/div>\n                        <\/a>\n                    <\/div>\n\n                            \n        <\/div>\n    <\/div>\n\n       \n    <\/div><\/div>\n<\/div><\/section>\n\n\n\n<p><\/p>\n","protected":false},"excerpt":{"rendered":"<p>A EUROPEAN MARKET LEADER FOR BULLETPROOFING Our ability to combine unique needs with the protection to the highest standards has taken our work all over the world. Founded back in 1993, ProTech S\u00e9curit\u00e9 has a long-established a reputation for quality and innovation. Our in-house design, engineering, and manufacturing teams, have the experience required to provide [&hellip;]<\/p>\n","protected":false},"author":1,"featured_media":0,"parent":0,"menu_order":0,"comment_status":"closed","ping_status":"closed","template":"","meta":{"_acf_changed":false,"_uag_custom_page_level_css":"","footnotes":""},"class_list":["post-3524","page","type-page","status-publish","hentry"],"acf":[],"yoast_head":"<!-- This site is optimized with the Yoast SEO Premium plugin v23.0 (Yoast SEO v26.9) - https:\/\/yoast.com\/product\/yoast-seo-premium-wordpress\/ -->\n<title>About Us - Protech Securit\u00e9<\/title>\n<meta name=\"description\" content=\"About us ProTech S\u00e9curit\u00e9\" \/>\n<meta name=\"robots\" content=\"index, follow, max-snippet:-1, max-image-preview:large, max-video-preview:-1\" \/>\n<link rel=\"canonical\" href=\"https:\/\/www.protechsecurite.fr\/en\/about-us\" \/>\n<meta property=\"og:locale\" content=\"en_US\" \/>\n<meta property=\"og:type\" content=\"article\" \/>\n<meta property=\"og:title\" content=\"About Us\" \/>\n<meta property=\"og:description\" content=\"About us ProTech S\u00e9curit\u00e9\" \/>\n<meta property=\"og:url\" content=\"https:\/\/www.protechsecurite.fr\/en\/about-us\" \/>\n<meta property=\"og:site_name\" content=\"Protech Securit\u00e9\" \/>\n<meta property=\"article:modified_time\" content=\"2021-12-20T07:06:19+00:00\" \/>\n<meta property=\"og:image\" content=\"https:\/\/www.protechsecurite.fr\/\/wp-content\/uploads\/2017\/06\/GWR-7-1024x678.jpg\" \/>\n<meta name=\"twitter:card\" content=\"summary_large_image\" \/>\n<meta name=\"twitter:label1\" content=\"Est. reading time\" \/>\n\t<meta name=\"twitter:data1\" content=\"2 minutes\" \/>\n<script type=\"application\/ld+json\" class=\"yoast-schema-graph\">{\"@context\":\"https:\/\/schema.org\",\"@graph\":[{\"@type\":\"WebPage\",\"@id\":\"https:\/\/www.protechsecurite.fr\/en\/about-us\",\"url\":\"https:\/\/www.protechsecurite.fr\/en\/about-us\",\"name\":\"About Us - Protech Securit\u00e9\",\"isPartOf\":{\"@id\":\"https:\/\/www.protechsecurite.fr\/en#website\"},\"primaryImageOfPage\":{\"@id\":\"https:\/\/www.protechsecurite.fr\/en\/about-us#primaryimage\"},\"image\":{\"@id\":\"https:\/\/www.protechsecurite.fr\/en\/about-us#primaryimage\"},\"thumbnailUrl\":\"https:\/\/www.protechsecurite.fr\/\/wp-content\/uploads\/2017\/06\/GWR-7-1024x678.jpg\",\"datePublished\":\"2021-04-26T11:01:45+00:00\",\"dateModified\":\"2021-12-20T07:06:19+00:00\",\"description\":\"About us ProTech S\u00e9curit\u00e9\",\"inLanguage\":\"en-US\",\"potentialAction\":[{\"@type\":\"ReadAction\",\"target\":[\"https:\/\/www.protechsecurite.fr\/en\/about-us\"]}]},{\"@type\":\"ImageObject\",\"inLanguage\":\"en-US\",\"@id\":\"https:\/\/www.protechsecurite.fr\/en\/about-us#primaryimage\",\"url\":\"https:\/\/www.protechsecurite.fr\/\/wp-content\/uploads\/2017\/06\/GWR-7-1024x678.jpg\",\"contentUrl\":\"https:\/\/www.protechsecurite.fr\/\/wp-content\/uploads\/2017\/06\/GWR-7-1024x678.jpg\"},{\"@type\":\"WebSite\",\"@id\":\"https:\/\/www.protechsecurite.fr\/en#website\",\"url\":\"https:\/\/www.protechsecurite.fr\/en\",\"name\":\"Protech Securit\u00e9\",\"description\":\"Vous \u00eates en lieux s\u00fbrs\",\"potentialAction\":[{\"@type\":\"SearchAction\",\"target\":{\"@type\":\"EntryPoint\",\"urlTemplate\":\"https:\/\/www.protechsecurite.fr\/en?s={search_term_string}\"},\"query-input\":{\"@type\":\"PropertyValueSpecification\",\"valueRequired\":true,\"valueName\":\"search_term_string\"}}],\"inLanguage\":\"en-US\"}]}<\/script>\n<!-- \/ Yoast SEO Premium plugin. -->","yoast_head_json":{"title":"About Us - Protech Securit\u00e9","description":"About us ProTech S\u00e9curit\u00e9","robots":{"index":"index","follow":"follow","max-snippet":"max-snippet:-1","max-image-preview":"max-image-preview:large","max-video-preview":"max-video-preview:-1"},"canonical":"https:\/\/www.protechsecurite.fr\/en\/about-us","og_locale":"en_US","og_type":"article","og_title":"About Us","og_description":"About us ProTech S\u00e9curit\u00e9","og_url":"https:\/\/www.protechsecurite.fr\/en\/about-us","og_site_name":"Protech Securit\u00e9","article_modified_time":"2021-12-20T07:06:19+00:00","og_image":[{"url":"https:\/\/www.protechsecurite.fr\/\/wp-content\/uploads\/2017\/06\/GWR-7-1024x678.jpg","type":"","width":"","height":""}],"twitter_card":"summary_large_image","twitter_misc":{"Est. reading time":"2 minutes"},"schema":{"@context":"https:\/\/schema.org","@graph":[{"@type":"WebPage","@id":"https:\/\/www.protechsecurite.fr\/en\/about-us","url":"https:\/\/www.protechsecurite.fr\/en\/about-us","name":"About Us - Protech Securit\u00e9","isPartOf":{"@id":"https:\/\/www.protechsecurite.fr\/en#website"},"primaryImageOfPage":{"@id":"https:\/\/www.protechsecurite.fr\/en\/about-us#primaryimage"},"image":{"@id":"https:\/\/www.protechsecurite.fr\/en\/about-us#primaryimage"},"thumbnailUrl":"https:\/\/www.protechsecurite.fr\/\/wp-content\/uploads\/2017\/06\/GWR-7-1024x678.jpg","datePublished":"2021-04-26T11:01:45+00:00","dateModified":"2021-12-20T07:06:19+00:00","description":"About us ProTech S\u00e9curit\u00e9","inLanguage":"en-US","potentialAction":[{"@type":"ReadAction","target":["https:\/\/www.protechsecurite.fr\/en\/about-us"]}]},{"@type":"ImageObject","inLanguage":"en-US","@id":"https:\/\/www.protechsecurite.fr\/en\/about-us#primaryimage","url":"https:\/\/www.protechsecurite.fr\/\/wp-content\/uploads\/2017\/06\/GWR-7-1024x678.jpg","contentUrl":"https:\/\/www.protechsecurite.fr\/\/wp-content\/uploads\/2017\/06\/GWR-7-1024x678.jpg"},{"@type":"WebSite","@id":"https:\/\/www.protechsecurite.fr\/en#website","url":"https:\/\/www.protechsecurite.fr\/en","name":"Protech Securit\u00e9","description":"Vous \u00eates en lieux s\u00fbrs","potentialAction":[{"@type":"SearchAction","target":{"@type":"EntryPoint","urlTemplate":"https:\/\/www.protechsecurite.fr\/en?s={search_term_string}"},"query-input":{"@type":"PropertyValueSpecification","valueRequired":true,"valueName":"search_term_string"}}],"inLanguage":"en-US"}]}},"uagb_featured_image_src":{"full":false,"thumbnail":false,"medium":false,"medium_large":false,"large":false,"1536x1536":false,"2048x2048":false,"thumb-products-list":false,"thumb-product-fiche":false,"thumb-best-seller":false,"thumb-banner":false,"thumb-news":false,"thumb-news-list-wide":false,"thumb-news-list-small":false},"uagb_author_info":{"display_name":"protech","author_link":"https:\/\/www.protechsecurite.fr\/en\/author\/protech"},"uagb_comment_info":0,"uagb_excerpt":"A EUROPEAN MARKET LEADER FOR BULLETPROOFING Our ability to combine unique needs with the protection to the highest standards has taken our work all over the world. Founded back in 1993, ProTech S\u00e9curit\u00e9 has a long-established a reputation for quality and innovation. Our in-house design, engineering, and manufacturing teams, have the experience required to provide&hellip;","_links":{"self":[{"href":"https:\/\/www.protechsecurite.fr\/en\/wp-json\/wp\/v2\/pages\/3524","targetHints":{"allow":["GET"]}}],"collection":[{"href":"https:\/\/www.protechsecurite.fr\/en\/wp-json\/wp\/v2\/pages"}],"about":[{"href":"https:\/\/www.protechsecurite.fr\/en\/wp-json\/wp\/v2\/types\/page"}],"author":[{"embeddable":true,"href":"https:\/\/www.protechsecurite.fr\/en\/wp-json\/wp\/v2\/users\/1"}],"replies":[{"embeddable":true,"href":"https:\/\/www.protechsecurite.fr\/en\/wp-json\/wp\/v2\/comments?post=3524"}],"version-history":[{"count":49,"href":"https:\/\/www.protechsecurite.fr\/en\/wp-json\/wp\/v2\/pages\/3524\/revisions"}],"predecessor-version":[{"id":4555,"href":"https:\/\/www.protechsecurite.fr\/en\/wp-json\/wp\/v2\/pages\/3524\/revisions\/4555"}],"wp:attachment":[{"href":"https:\/\/www.protechsecurite.fr\/en\/wp-json\/wp\/v2\/media?parent=3524"}],"curies":[{"name":"wp","href":"https:\/\/api.w.org\/{rel}","templated":true}]}}