{"id":342,"date":"2019-08-18T11:41:38","date_gmt":"2019-08-18T09:41:38","guid":{"rendered":"https:\/\/www.protechsecurite.fr\/\/?page_id=342"},"modified":"2021-07-05T15:14:15","modified_gmt":"2021-07-05T13:14:15","slug":"legal-notes","status":"publish","type":"page","link":"https:\/\/www.protechsecurite.fr\/en\/legal-notes","title":{"rendered":"Legal Notes"},"content":{"rendered":"\n<h1 class=\"wp-block-heading\">Editor<\/h1>\n\n\n\n<p>Protech Securit<br>***<br>***<\/p>\n\n\n\n<h3 class=\"wp-block-heading\">Web site production<\/h3>\n\n\n\n<p><a href=\"https:\/\/www.pix-associates.com\/\" target=\"_blank\" rel=\"noopener noreferrer\">Pix &amp; Associates<\/a><br>16 Avenue Fragonard &#8211; 06100 Nice<br>T\u00e9l: +33 (0)4 93 87 03 19<\/p>\n\n\n\n<h3 class=\"wp-block-heading\">Validity of information<\/h3>\n\n\n\n<p>Information distributed in electronic form on this site may have been updated between the time you downloaded it and the time you read it. We therefore recommend that you check its validity.<br>We have read and checked this information many times but it may still contain some errors.<br>If you notice any errors, please tell us about them.<\/p>\n\n\n\n<h3 class=\"wp-block-heading\">Author\u2019s rights and copyrights<\/h3>\n\n\n\n<p>When accessing the site, Protech Securit only grants the user a right of private, non collective and non exclusive use of the site content.<\/p>\n\n\n\n<p>All rights of reproduction are reserved, including that of the reproduction of downloadable documents, pictorial and photographic material.<br>The networking, re-distribution or reproduction of all or part of this site in whatever form, even partial, and on any whatsoever electronic medium is strictly forbidden without Protech Securit\u2019s express permission.<\/p>\n\n\n\n<p>The reproduction of the text on this site is permitted on paper only and subject to compliance with the following four cumulative conditions:<\/p>\n\n\n\n<ul class=\"wp-block-list\"><li>distribution free of charge: the document may be used for information only and not for profit<\/li><li>respect for the integrity of the documents reproduced: no modification or alteration of any kind<\/li><li>clear and legible mention of the source in the following form: &#8220;Source: this document comes from the Protech Securit web site. All rights of reproduction and distribution reserved.&#8221;<\/li><li>use compliant with current legislation and the recommendations of the CNIL (French national commission for information technology and freedoms instituted by Law No. 78-17 of 6\/1\/1978).<\/li><\/ul>\n\n\n\n<p>Protech Securit reserves the right to withdraw this permission at any time.<br>For all other uses, please consult us.<\/p>\n\n\n\n<h3 class=\"wp-block-heading\">Responsibilities<\/h3>\n\n\n\n<p>Protech Securit may at any time and without notice make changes to the products, programmes and services described on this site.<br>Protech Securit cannot be held responsible for successive links to other web sites via a partner link.<\/p>\n","protected":false},"excerpt":{"rendered":"<p>Editor Protech Securit****** Web site production Pix &amp; Associates16 Avenue Fragonard &#8211; 06100 NiceT\u00e9l: +33 (0)4 93 87 03 19 Validity of information Information distributed in electronic form on this site may have been updated between the time you downloaded it and the time you read it. We therefore recommend that you check its validity.We [&hellip;]<\/p>\n","protected":false},"author":1,"featured_media":0,"parent":0,"menu_order":0,"comment_status":"closed","ping_status":"closed","template":"","meta":{"_acf_changed":false,"_uag_custom_page_level_css":"","footnotes":""},"class_list":["post-342","page","type-page","status-publish","hentry"],"acf":[],"yoast_head":"<!-- This site is optimized with the Yoast SEO Premium plugin v23.0 (Yoast SEO v26.9) - https:\/\/yoast.com\/product\/yoast-seo-premium-wordpress\/ -->\n<title>Legal Notes - Protech Securit\u00e9<\/title>\n<meta name=\"description\" content=\"Information distributed in electronic form on this site may have been updated between the time you downloaded it and the time you read it. We therefore recommend that you check its validity.\" \/>\n<meta name=\"robots\" content=\"index, follow, max-snippet:-1, max-image-preview:large, max-video-preview:-1\" \/>\n<link rel=\"canonical\" href=\"https:\/\/www.protechsecurite.fr\/en\/legal-notes\" \/>\n<meta property=\"og:locale\" content=\"en_US\" \/>\n<meta property=\"og:type\" content=\"article\" \/>\n<meta property=\"og:title\" content=\"Legal Notes\" \/>\n<meta property=\"og:description\" content=\"Information distributed in electronic form on this site may have been updated between the time you downloaded it and the time you read it. We therefore recommend that you check its validity.\" \/>\n<meta property=\"og:url\" content=\"https:\/\/www.protechsecurite.fr\/en\/legal-notes\" \/>\n<meta property=\"og:site_name\" content=\"Protech Securit\u00e9\" \/>\n<meta property=\"article:modified_time\" content=\"2021-07-05T13:14:15+00:00\" \/>\n<meta name=\"twitter:card\" content=\"summary_large_image\" \/>\n<meta name=\"twitter:label1\" content=\"Est. reading time\" \/>\n\t<meta name=\"twitter:data1\" content=\"2 minutes\" \/>\n<script type=\"application\/ld+json\" class=\"yoast-schema-graph\">{\"@context\":\"https:\/\/schema.org\",\"@graph\":[{\"@type\":\"WebPage\",\"@id\":\"https:\/\/www.protechsecurite.fr\/en\/legal-notes\",\"url\":\"https:\/\/www.protechsecurite.fr\/en\/legal-notes\",\"name\":\"Legal Notes - Protech Securit\u00e9\",\"isPartOf\":{\"@id\":\"https:\/\/www.protechsecurite.fr\/en#website\"},\"datePublished\":\"2019-08-18T09:41:38+00:00\",\"dateModified\":\"2021-07-05T13:14:15+00:00\",\"description\":\"Information distributed in electronic form on this site may have been updated between the time you downloaded it and the time you read it. We therefore recommend that you check its validity.\",\"inLanguage\":\"en-US\",\"potentialAction\":[{\"@type\":\"ReadAction\",\"target\":[\"https:\/\/www.protechsecurite.fr\/en\/legal-notes\"]}]},{\"@type\":\"WebSite\",\"@id\":\"https:\/\/www.protechsecurite.fr\/en#website\",\"url\":\"https:\/\/www.protechsecurite.fr\/en\",\"name\":\"Protech Securit\u00e9\",\"description\":\"Vous \u00eates en lieux s\u00fbrs\",\"potentialAction\":[{\"@type\":\"SearchAction\",\"target\":{\"@type\":\"EntryPoint\",\"urlTemplate\":\"https:\/\/www.protechsecurite.fr\/en?s={search_term_string}\"},\"query-input\":{\"@type\":\"PropertyValueSpecification\",\"valueRequired\":true,\"valueName\":\"search_term_string\"}}],\"inLanguage\":\"en-US\"}]}<\/script>\n<!-- \/ Yoast SEO Premium plugin. -->","yoast_head_json":{"title":"Legal Notes - Protech Securit\u00e9","description":"Information distributed in electronic form on this site may have been updated between the time you downloaded it and the time you read it. We therefore recommend that you check its validity.","robots":{"index":"index","follow":"follow","max-snippet":"max-snippet:-1","max-image-preview":"max-image-preview:large","max-video-preview":"max-video-preview:-1"},"canonical":"https:\/\/www.protechsecurite.fr\/en\/legal-notes","og_locale":"en_US","og_type":"article","og_title":"Legal Notes","og_description":"Information distributed in electronic form on this site may have been updated between the time you downloaded it and the time you read it. We therefore recommend that you check its validity.","og_url":"https:\/\/www.protechsecurite.fr\/en\/legal-notes","og_site_name":"Protech Securit\u00e9","article_modified_time":"2021-07-05T13:14:15+00:00","twitter_card":"summary_large_image","twitter_misc":{"Est. reading time":"2 minutes"},"schema":{"@context":"https:\/\/schema.org","@graph":[{"@type":"WebPage","@id":"https:\/\/www.protechsecurite.fr\/en\/legal-notes","url":"https:\/\/www.protechsecurite.fr\/en\/legal-notes","name":"Legal Notes - Protech Securit\u00e9","isPartOf":{"@id":"https:\/\/www.protechsecurite.fr\/en#website"},"datePublished":"2019-08-18T09:41:38+00:00","dateModified":"2021-07-05T13:14:15+00:00","description":"Information distributed in electronic form on this site may have been updated between the time you downloaded it and the time you read it. We therefore recommend that you check its validity.","inLanguage":"en-US","potentialAction":[{"@type":"ReadAction","target":["https:\/\/www.protechsecurite.fr\/en\/legal-notes"]}]},{"@type":"WebSite","@id":"https:\/\/www.protechsecurite.fr\/en#website","url":"https:\/\/www.protechsecurite.fr\/en","name":"Protech Securit\u00e9","description":"Vous \u00eates en lieux s\u00fbrs","potentialAction":[{"@type":"SearchAction","target":{"@type":"EntryPoint","urlTemplate":"https:\/\/www.protechsecurite.fr\/en?s={search_term_string}"},"query-input":{"@type":"PropertyValueSpecification","valueRequired":true,"valueName":"search_term_string"}}],"inLanguage":"en-US"}]}},"uagb_featured_image_src":{"full":false,"thumbnail":false,"medium":false,"medium_large":false,"large":false,"1536x1536":false,"2048x2048":false,"thumb-products-list":false,"thumb-product-fiche":false,"thumb-best-seller":false,"thumb-banner":false,"thumb-news":false,"thumb-news-list-wide":false,"thumb-news-list-small":false},"uagb_author_info":{"display_name":"protech","author_link":"https:\/\/www.protechsecurite.fr\/en\/author\/protech"},"uagb_comment_info":0,"uagb_excerpt":"Editor Protech Securit****** Web site production Pix &amp; Associates16 Avenue Fragonard &#8211; 06100 NiceT\u00e9l: +33 (0)4 93 87 03 19 Validity of information Information distributed in electronic form on this site may have been updated between the time you downloaded it and the time you read it. We therefore recommend that you check its validity.We&hellip;","_links":{"self":[{"href":"https:\/\/www.protechsecurite.fr\/en\/wp-json\/wp\/v2\/pages\/342","targetHints":{"allow":["GET"]}}],"collection":[{"href":"https:\/\/www.protechsecurite.fr\/en\/wp-json\/wp\/v2\/pages"}],"about":[{"href":"https:\/\/www.protechsecurite.fr\/en\/wp-json\/wp\/v2\/types\/page"}],"author":[{"embeddable":true,"href":"https:\/\/www.protechsecurite.fr\/en\/wp-json\/wp\/v2\/users\/1"}],"replies":[{"embeddable":true,"href":"https:\/\/www.protechsecurite.fr\/en\/wp-json\/wp\/v2\/comments?post=342"}],"version-history":[{"count":8,"href":"https:\/\/www.protechsecurite.fr\/en\/wp-json\/wp\/v2\/pages\/342\/revisions"}],"predecessor-version":[{"id":4471,"href":"https:\/\/www.protechsecurite.fr\/en\/wp-json\/wp\/v2\/pages\/342\/revisions\/4471"}],"wp:attachment":[{"href":"https:\/\/www.protechsecurite.fr\/en\/wp-json\/wp\/v2\/media?parent=342"}],"curies":[{"name":"wp","href":"https:\/\/api.w.org\/{rel}","templated":true}]}}