{"id":340,"date":"2019-08-18T11:39:40","date_gmt":"2019-08-18T09:39:40","guid":{"rendered":"https:\/\/www.protechsecurite.fr\/\/?page_id=340"},"modified":"2019-12-10T17:06:47","modified_gmt":"2019-12-10T16:06:47","slug":"sitemap","status":"publish","type":"page","link":"https:\/\/www.protechsecurite.fr\/en\/sitemap","title":{"rendered":"Sitemap"},"content":{"rendered":"","protected":false},"excerpt":{"rendered":"","protected":false},"author":1,"featured_media":0,"parent":0,"menu_order":0,"comment_status":"closed","ping_status":"closed","template":"page-sitemap.php","meta":{"_acf_changed":false,"_uag_custom_page_level_css":"","footnotes":""},"class_list":["post-340","page","type-page","status-publish","hentry"],"acf":[],"yoast_head":"<!-- This site is optimized with the Yoast SEO Premium plugin v23.0 (Yoast SEO v26.9) - https:\/\/yoast.com\/product\/yoast-seo-premium-wordpress\/ -->\n<title>Sitemap - Protech Securit\u00e9<\/title>\n<meta name=\"description\" content=\"ProTech Securit designs and manufactures the bulletproof metalwork you need since 1993.\" \/>\n<meta name=\"robots\" content=\"index, follow, max-snippet:-1, max-image-preview:large, max-video-preview:-1\" \/>\n<link rel=\"canonical\" href=\"https:\/\/www.protechsecurite.fr\/en\/sitemap\" \/>\n<meta property=\"og:locale\" content=\"en_US\" \/>\n<meta property=\"og:type\" content=\"article\" \/>\n<meta property=\"og:title\" content=\"Sitemap\" \/>\n<meta property=\"og:description\" content=\"ProTech Securit designs and manufactures the bulletproof metalwork you need since 1993.\" \/>\n<meta property=\"og:url\" content=\"https:\/\/www.protechsecurite.fr\/en\/sitemap\" \/>\n<meta property=\"og:site_name\" content=\"Protech Securit\u00e9\" \/>\n<meta property=\"article:modified_time\" content=\"2019-12-10T16:06:47+00:00\" \/>\n<meta name=\"twitter:card\" content=\"summary_large_image\" \/>\n<script type=\"application\/ld+json\" class=\"yoast-schema-graph\">{\"@context\":\"https:\/\/schema.org\",\"@graph\":[{\"@type\":\"WebPage\",\"@id\":\"https:\/\/www.protechsecurite.fr\/en\/sitemap\",\"url\":\"https:\/\/www.protechsecurite.fr\/en\/sitemap\",\"name\":\"Sitemap - Protech Securit\u00e9\",\"isPartOf\":{\"@id\":\"https:\/\/www.protechsecurite.fr\/en#website\"},\"datePublished\":\"2019-08-18T09:39:40+00:00\",\"dateModified\":\"2019-12-10T16:06:47+00:00\",\"description\":\"ProTech Securit designs and manufactures the bulletproof metalwork you need since 1993.\",\"inLanguage\":\"en-US\",\"potentialAction\":[{\"@type\":\"ReadAction\",\"target\":[\"https:\/\/www.protechsecurite.fr\/en\/sitemap\"]}]},{\"@type\":\"WebSite\",\"@id\":\"https:\/\/www.protechsecurite.fr\/en#website\",\"url\":\"https:\/\/www.protechsecurite.fr\/en\",\"name\":\"Protech Securit\u00e9\",\"description\":\"Vous \u00eates en lieux s\u00fbrs\",\"potentialAction\":[{\"@type\":\"SearchAction\",\"target\":{\"@type\":\"EntryPoint\",\"urlTemplate\":\"https:\/\/www.protechsecurite.fr\/en?s={search_term_string}\"},\"query-input\":{\"@type\":\"PropertyValueSpecification\",\"valueRequired\":true,\"valueName\":\"search_term_string\"}}],\"inLanguage\":\"en-US\"}]}<\/script>\n<!-- \/ Yoast SEO Premium plugin. -->","yoast_head_json":{"title":"Sitemap - Protech Securit\u00e9","description":"ProTech Securit designs and manufactures the bulletproof metalwork you need since 1993.","robots":{"index":"index","follow":"follow","max-snippet":"max-snippet:-1","max-image-preview":"max-image-preview:large","max-video-preview":"max-video-preview:-1"},"canonical":"https:\/\/www.protechsecurite.fr\/en\/sitemap","og_locale":"en_US","og_type":"article","og_title":"Sitemap","og_description":"ProTech Securit designs and manufactures the bulletproof metalwork you need since 1993.","og_url":"https:\/\/www.protechsecurite.fr\/en\/sitemap","og_site_name":"Protech Securit\u00e9","article_modified_time":"2019-12-10T16:06:47+00:00","twitter_card":"summary_large_image","schema":{"@context":"https:\/\/schema.org","@graph":[{"@type":"WebPage","@id":"https:\/\/www.protechsecurite.fr\/en\/sitemap","url":"https:\/\/www.protechsecurite.fr\/en\/sitemap","name":"Sitemap - Protech Securit\u00e9","isPartOf":{"@id":"https:\/\/www.protechsecurite.fr\/en#website"},"datePublished":"2019-08-18T09:39:40+00:00","dateModified":"2019-12-10T16:06:47+00:00","description":"ProTech Securit designs and manufactures the bulletproof metalwork you need since 1993.","inLanguage":"en-US","potentialAction":[{"@type":"ReadAction","target":["https:\/\/www.protechsecurite.fr\/en\/sitemap"]}]},{"@type":"WebSite","@id":"https:\/\/www.protechsecurite.fr\/en#website","url":"https:\/\/www.protechsecurite.fr\/en","name":"Protech Securit\u00e9","description":"Vous \u00eates en lieux s\u00fbrs","potentialAction":[{"@type":"SearchAction","target":{"@type":"EntryPoint","urlTemplate":"https:\/\/www.protechsecurite.fr\/en?s={search_term_string}"},"query-input":{"@type":"PropertyValueSpecification","valueRequired":true,"valueName":"search_term_string"}}],"inLanguage":"en-US"}]}},"uagb_featured_image_src":{"full":false,"thumbnail":false,"medium":false,"medium_large":false,"large":false,"1536x1536":false,"2048x2048":false,"thumb-products-list":false,"thumb-product-fiche":false,"thumb-best-seller":false,"thumb-banner":false,"thumb-news":false,"thumb-news-list-wide":false,"thumb-news-list-small":false},"uagb_author_info":{"display_name":"protech","author_link":"https:\/\/www.protechsecurite.fr\/en\/author\/protech"},"uagb_comment_info":0,"uagb_excerpt":null,"_links":{"self":[{"href":"https:\/\/www.protechsecurite.fr\/en\/wp-json\/wp\/v2\/pages\/340","targetHints":{"allow":["GET"]}}],"collection":[{"href":"https:\/\/www.protechsecurite.fr\/en\/wp-json\/wp\/v2\/pages"}],"about":[{"href":"https:\/\/www.protechsecurite.fr\/en\/wp-json\/wp\/v2\/types\/page"}],"author":[{"embeddable":true,"href":"https:\/\/www.protechsecurite.fr\/en\/wp-json\/wp\/v2\/users\/1"}],"replies":[{"embeddable":true,"href":"https:\/\/www.protechsecurite.fr\/en\/wp-json\/wp\/v2\/comments?post=340"}],"version-history":[{"count":1,"href":"https:\/\/www.protechsecurite.fr\/en\/wp-json\/wp\/v2\/pages\/340\/revisions"}],"predecessor-version":[{"id":341,"href":"https:\/\/www.protechsecurite.fr\/en\/wp-json\/wp\/v2\/pages\/340\/revisions\/341"}],"wp:attachment":[{"href":"https:\/\/www.protechsecurite.fr\/en\/wp-json\/wp\/v2\/media?parent=340"}],"curies":[{"name":"wp","href":"https:\/\/api.w.org\/{rel}","templated":true}]}}